{"id":121,"date":"2024-07-15T10:02:53","date_gmt":"2024-07-15T08:02:53","guid":{"rendered":"https:\/\/fidelizi.fr\/fidelizipro\/?page_id=121"},"modified":"2024-08-09T14:59:49","modified_gmt":"2024-08-09T12:59:49","slug":"departements-occitanie","status":"publish","type":"page","link":"https:\/\/fidelizi.fr\/fidelizipro\/departements-occitanie\/","title":{"rendered":"DEPARTEMENTS Occitanie."},"content":{"rendered":"\n<p class=\"has-text-align-center has-pale-cyan-blue-background-color has-background has-medium-font-size\"><strong>Choisissez votre d\u00e9partement :<\/strong><\/p>\n\n\n\n<p><strong><a href=\"https:\/\/fidelizi.fr\/fidelizipro\/partenaires-09\/\">Ari\u00e8ge,<\/a> <\/strong><\/p>\n\n\n\n<p><strong><a href=\"https:\/\/fidelizi.fr\/fidelizipro\/partenaires-11\/\">Aude, <\/a><\/strong><\/p>\n\n\n\n<p><strong><a href=\"https:\/\/fidelizi.fr\/fidelizipro\/partenaires-12\/\">Aveyron, <\/a><\/strong><\/p>\n\n\n\n<p><strong><a href=\"https:\/\/fidelizi.fr\/fidelizipro\/partenaires-30\/\">Gard, <\/a><\/strong><\/p>\n\n\n\n<p><strong><a href=\"https:\/\/fidelizi.fr\/fidelizipro\/partenaires-31\/\">Haute-Garonne, <\/a><\/strong><\/p>\n\n\n\n<p><strong><a href=\"https:\/\/fidelizi.fr\/fidelizipro\/partenaires-32\/\">Gers, <\/a><\/strong><\/p>\n\n\n\n<p><strong><a href=\"https:\/\/fidelizi.fr\/fidelizipro\/partenaires-34\/\">H\u00e9rault, <\/a><\/strong><\/p>\n\n\n\n<p><strong><a href=\"https:\/\/fidelizi.fr\/fidelizipro\/partenaires-46\/\">Lot,<\/a> <\/strong><\/p>\n\n\n\n<p><strong><a href=\"https:\/\/fidelizi.fr\/fidelizipro\/partenaires-48\/\">Loz\u00e8re<\/a>, <\/strong><\/p>\n\n\n\n<p><strong><a href=\"https:\/\/fidelizi.fr\/fidelizipro\/partenaires-65\/\">Hautes-Pyr\u00e9n\u00e9es,<\/a> <\/strong><\/p>\n\n\n\n<p><strong><a href=\"https:\/\/fidelizi.fr\/fidelizipro\/partenaires-66\/\">Pyr\u00e9n\u00e9es-Orientales<\/a>, <\/strong><\/p>\n\n\n\n<p><strong><a href=\"https:\/\/fidelizi.fr\/fidelizipro\/partenaires-81\/\">Tarn<\/a> <\/strong><\/p>\n\n\n\n<p><strong><a href=\"https:\/\/fidelizi.fr\/fidelizipro\/partenaires-82\/\">Tarn-et-Garonne<\/a><\/strong><\/p>\n\n\n\n<p class=\"has-text-align-center has-white-color has-vivid-red-background-color has-text-color has-background has-link-color wp-elements-26afd303aa761e4062ead40478ada55a\"><strong><a href=\"https:\/\/fidelizi.fr\/fidelizipro\/regions\/\"> Retour R\u00e9gions<\/a><\/strong><\/p>\n","protected":false},"excerpt":{"rendered":"<p>Choisissez votre d\u00e9partement : Ari\u00e8ge, Aude, Aveyron, Gard, Haute-Garonne, Gers, H\u00e9rault, Lot, Loz\u00e8re, Hautes-Pyr\u00e9n\u00e9es, Pyr\u00e9n\u00e9es-Orientales, Tarn Tarn-et-Garonne Retour R\u00e9gions<\/p>\n","protected":false},"author":1,"featured_media":0,"parent":0,"menu_order":0,"comment_status":"closed","ping_status":"closed","template":"","meta":{"footnotes":""},"class_list":["post-121","page","type-page","status-publish","hentry"],"_links":{"self":[{"href":"https:\/\/fidelizi.fr\/fidelizipro\/wp-json\/wp\/v2\/pages\/121","targetHints":{"allow":["GET"]}}],"collection":[{"href":"https:\/\/fidelizi.fr\/fidelizipro\/wp-json\/wp\/v2\/pages"}],"about":[{"href":"https:\/\/fidelizi.fr\/fidelizipro\/wp-json\/wp\/v2\/types\/page"}],"author":[{"embeddable":true,"href":"https:\/\/fidelizi.fr\/fidelizipro\/wp-json\/wp\/v2\/users\/1"}],"replies":[{"embeddable":true,"href":"https:\/\/fidelizi.fr\/fidelizipro\/wp-json\/wp\/v2\/comments?post=121"}],"version-history":[{"count":7,"href":"https:\/\/fidelizi.fr\/fidelizipro\/wp-json\/wp\/v2\/pages\/121\/revisions"}],"predecessor-version":[{"id":384,"href":"https:\/\/fidelizi.fr\/fidelizipro\/wp-json\/wp\/v2\/pages\/121\/revisions\/384"}],"wp:attachment":[{"href":"https:\/\/fidelizi.fr\/fidelizipro\/wp-json\/wp\/v2\/media?parent=121"}],"curies":[{"name":"wp","href":"https:\/\/api.w.org\/{rel}","templated":true}]}}