{"id":674,"date":"2025-05-26T17:19:23","date_gmt":"2025-05-26T15:19:23","guid":{"rendered":"https:\/\/fidelizi.fr\/fidelizipro\/?page_id=674"},"modified":"2026-01-28T16:59:29","modified_gmt":"2026-01-28T15:59:29","slug":"inscription-pdv-essai-gratuit","status":"publish","type":"page","link":"https:\/\/fidelizi.fr\/fidelizipro\/inscription-pdv-essai-gratuit\/","title":{"rendered":"inscription PDV gratuite."},"content":{"rendered":"\n<p>Bienvenue sur la page r\u00e9serv\u00e9e aux inscription des professionnels.<\/p>\n\n\n\n<p>Vous pouvez visualiser les <a href=\"https:\/\/fidelizi.fr\/c-g-u-c-g-v\/\">CGU <\/a>et les <a href=\"https:\/\/fidelizi.fr\/mentions-legales\/\">mentions l\u00e9gales.<\/a><\/p>\n\n\n\n<p>FORMULAIRE D&#8217;INSCRIPTION GRATUITE.<\/p>\n\n\n\n<div class=\"wp-block-contact-form-7-contact-form-selector\">\n<div class=\"wpcf7 no-js\" id=\"wpcf7-f673-o1\" lang=\"fr-FR\" dir=\"ltr\" data-wpcf7-id=\"673\">\n<div class=\"screen-reader-response\"><p role=\"status\" aria-live=\"polite\" aria-atomic=\"true\"><\/p> <ul><\/ul><\/div>\n<form action=\"\/fidelizipro\/wp-json\/wp\/v2\/pages\/674#wpcf7-f673-o1\" method=\"post\" class=\"wpcf7-form init\" aria-label=\"Formulaire de contact\" novalidate=\"novalidate\" data-status=\"init\">\n<div style=\"display: none;\">\n<input type=\"hidden\" name=\"_wpcf7\" value=\"673\" \/>\n<input type=\"hidden\" name=\"_wpcf7_version\" value=\"6.0.6\" \/>\n<input type=\"hidden\" name=\"_wpcf7_locale\" value=\"fr_FR\" \/>\n<input type=\"hidden\" name=\"_wpcf7_unit_tag\" value=\"wpcf7-f673-o1\" \/>\n<input type=\"hidden\" name=\"_wpcf7_container_post\" value=\"0\" \/>\n<input type=\"hidden\" name=\"_wpcf7_posted_data_hash\" value=\"\" \/>\n<\/div>\n<p><label> Vos nom et pr\u00e9nom<br \/>\n<span class=\"wpcf7-form-control-wrap\" data-name=\"your-name\"><input size=\"40\" maxlength=\"400\" class=\"wpcf7-form-control wpcf7-text wpcf7-validates-as-required\" autocomplete=\"name\" aria-required=\"true\" aria-invalid=\"false\" value=\"\" type=\"text\" name=\"your-name\" \/><\/span> <\/label><br \/>\n<label> Votre t\u00e9l mobile<br \/>\n<span class=\"wpcf7-form-control-wrap\" data-name=\"your-phone\"><input size=\"40\" maxlength=\"400\" class=\"wpcf7-form-control wpcf7-tel wpcf7-validates-as-required wpcf7-text wpcf7-validates-as-tel\" aria-required=\"true\" aria-invalid=\"false\" value=\"\" type=\"tel\" name=\"your-phone\" \/><\/span> <\/label><br \/>\n<label> Votre e-mail personnel<br \/>\n<span class=\"wpcf7-form-control-wrap\" data-name=\"your-email\"><input size=\"40\" maxlength=\"400\" class=\"wpcf7-form-control wpcf7-email wpcf7-validates-as-required wpcf7-text wpcf7-validates-as-email\" autocomplete=\"email\" aria-required=\"true\" aria-invalid=\"false\" value=\"\" type=\"email\" name=\"your-email\" \/><\/span> <\/label><br \/>\n<label> Votre e-mail professionnel si diff\u00e9rent<br \/>\n<span class=\"wpcf7-form-control-wrap\" data-name=\"your-emailpro\"><input size=\"40\" maxlength=\"400\" class=\"wpcf7-form-control wpcf7-email wpcf7-validates-as-required wpcf7-text wpcf7-validates-as-email\" autocomplete=\"email\" aria-required=\"true\" aria-invalid=\"false\" value=\"\" type=\"email\" name=\"your-emailpro\" \/><\/span> <\/label><br \/>\n<label> Nom de votre point de vente<br \/>\n<span class=\"wpcf7-form-control-wrap\" data-name=\"your-pdv\"><input size=\"40\" maxlength=\"400\" class=\"wpcf7-form-control wpcf7-text wpcf7-validates-as-required\" autocomplete=\"pdv\" aria-required=\"true\" aria-invalid=\"false\" value=\"\" type=\"text\" name=\"your-pdv\" \/><\/span> <\/label><br \/>\n<span class=\"wpcf7-form-control-wrap\" data-name=\"select-825\"><select class=\"wpcf7-form-control wpcf7-select\" aria-invalid=\"false\" name=\"select-825\"><option value=\"Restaurants\">Restaurants<\/option><option value=\"traiteur\">traiteur<\/option><option value=\"Fast food\">Fast food<\/option><option value=\"Episerie fine\">Episerie fine<\/option><option value=\"V\u00eatements\">V\u00eatements<\/option><option value=\"Lingerie\">Lingerie<\/option><option value=\"Chaussures\">Chaussures<\/option><option value=\"Bricolage\">Bricolage<\/option><option value=\"Coiffure\">Coiffure<\/option><option value=\"Esth\u00e9tique\">Esth\u00e9tique<\/option><option value=\"Fleuriste\">Fleuriste<\/option><option value=\"Artisan\">Artisan<\/option><option value=\"Linge maison\">Linge maison<\/option><option value=\"Literie\">Literie<\/option><option value=\"Mobilier\">Mobilier<\/option><option value=\"Cuisine\">Cuisine<\/option><option value=\"Loisirs\">Loisirs<\/option><option value=\"Sports\">Sports<\/option><option value=\"Autre\">Autre<\/option><\/select><\/span><br \/>\n<label> Votre Identification pro<br \/>\n<span class=\"wpcf7-form-control-wrap\" data-name=\"your-siret\"><input size=\"40\" maxlength=\"400\" class=\"wpcf7-form-control wpcf7-text wpcf7-validates-as-required\" autocomplete=\"siret\" aria-required=\"true\" aria-invalid=\"false\" value=\"\" type=\"text\" name=\"your-siret\" \/><\/span> <\/label><br \/>\n<label> Votre adresse<br \/>\n<span class=\"wpcf7-form-control-wrap\" data-name=\"your-adress\"><input size=\"40\" maxlength=\"400\" class=\"wpcf7-form-control wpcf7-text wpcf7-validates-as-required\" autocomplete=\"adress\" aria-required=\"true\" aria-invalid=\"false\" value=\"\" type=\"text\" name=\"your-adress\" \/><\/span> <\/label><br \/>\n<label> Votre ville<br \/>\n<span class=\"wpcf7-form-control-wrap\" data-name=\"your-city\"><input size=\"40\" maxlength=\"400\" class=\"wpcf7-form-control wpcf7-text wpcf7-validates-as-required\" autocomplete=\"city\" aria-required=\"true\" aria-invalid=\"false\" value=\"\" type=\"text\" name=\"your-city\" \/><\/span> <\/label><br \/>\n<label> Votre code postal<br \/>\n<span class=\"wpcf7-form-control-wrap\" data-name=\"your-cdp\"><input size=\"40\" maxlength=\"400\" class=\"wpcf7-form-control wpcf7-text wpcf7-validates-as-required\" autocomplete=\"cdp\" aria-required=\"true\" aria-invalid=\"false\" value=\"\" type=\"text\" name=\"your-cdp\" \/><\/span> <\/label>\n<\/p>\n<p><label> Choisissez la remises que vous consentez \u00e0 la communaut\u00e9 FIDELIZI<br \/>\n<span class=\"wpcf7-form-control-wrap\" data-name=\"radio-397\"><span class=\"wpcf7-form-control wpcf7-radio\"><span class=\"wpcf7-list-item first\"><label><input type=\"radio\" name=\"radio-397\" value=\"Je choisi l&#039;option REMISE 10%\" \/><span class=\"wpcf7-list-item-label\">Je choisi l&#039;option REMISE 10%<\/span><\/label><\/span><span class=\"wpcf7-list-item last\"><label><input type=\"radio\" name=\"radio-397\" value=\"Je choisi l&#039;option remise 20%\" \/><span class=\"wpcf7-list-item-label\">Je choisi l&#039;option remise 20%<\/span><\/label><\/span><\/span><\/span><br \/>\n<label> Objet<br \/>\n<span class=\"wpcf7-form-control-wrap\" data-name=\"your-subject\"><input size=\"40\" maxlength=\"400\" class=\"wpcf7-form-control wpcf7-text wpcf7-validates-as-required\" aria-required=\"true\" aria-invalid=\"false\" value=\"\" type=\"text\" name=\"your-subject\" \/><\/span> <\/label><br \/>\n<label> Compl\u00e9tez votre activit\u00e9 ici. (facultatif)<br \/>\n<span class=\"wpcf7-form-control-wrap\" data-name=\"your-message\"><textarea cols=\"40\" rows=\"10\" maxlength=\"2000\" class=\"wpcf7-form-control wpcf7-textarea\" aria-invalid=\"false\" name=\"your-message\"><\/textarea><\/span> <\/label><br \/>\n<input class=\"wpcf7-form-control wpcf7-submit has-spinner\" type=\"submit\" value=\"Envoyer\" \/><\/label>\n<\/p><div class=\"wpcf7-response-output\" aria-hidden=\"true\"><\/div>\n<\/form>\n<\/div>\n<\/div>\n","protected":false},"excerpt":{"rendered":"<p>Bienvenue sur la page r\u00e9serv\u00e9e aux inscription des professionnels. Vous pouvez visualiser les CGU et les mentions l\u00e9gales. FORMULAIRE D&#8217;INSCRIPTION GRATUITE.<\/p>\n","protected":false},"author":1,"featured_media":0,"parent":0,"menu_order":0,"comment_status":"closed","ping_status":"closed","template":"","meta":{"footnotes":""},"class_list":["post-674","page","type-page","status-publish","hentry"],"_links":{"self":[{"href":"https:\/\/fidelizi.fr\/fidelizipro\/wp-json\/wp\/v2\/pages\/674","targetHints":{"allow":["GET"]}}],"collection":[{"href":"https:\/\/fidelizi.fr\/fidelizipro\/wp-json\/wp\/v2\/pages"}],"about":[{"href":"https:\/\/fidelizi.fr\/fidelizipro\/wp-json\/wp\/v2\/types\/page"}],"author":[{"embeddable":true,"href":"https:\/\/fidelizi.fr\/fidelizipro\/wp-json\/wp\/v2\/users\/1"}],"replies":[{"embeddable":true,"href":"https:\/\/fidelizi.fr\/fidelizipro\/wp-json\/wp\/v2\/comments?post=674"}],"version-history":[{"count":3,"href":"https:\/\/fidelizi.fr\/fidelizipro\/wp-json\/wp\/v2\/pages\/674\/revisions"}],"predecessor-version":[{"id":832,"href":"https:\/\/fidelizi.fr\/fidelizipro\/wp-json\/wp\/v2\/pages\/674\/revisions\/832"}],"wp:attachment":[{"href":"https:\/\/fidelizi.fr\/fidelizipro\/wp-json\/wp\/v2\/media?parent=674"}],"curies":[{"name":"wp","href":"https:\/\/api.w.org\/{rel}","templated":true}]}}